{"id":2579,"date":"2026-03-24T11:49:03","date_gmt":"2026-03-24T10:49:03","guid":{"rendered":"https:\/\/www.sasarmatures.com\/?page_id=2579"},"modified":"2026-03-25T14:41:27","modified_gmt":"2026-03-25T13:41:27","slug":"etude-technique","status":"publish","type":"page","link":"https:\/\/www.sasarmatures.com\/index.php\/etude-technique\/","title":{"rendered":"\u00c9tude Technique"},"content":{"rendered":"\t\t<div data-elementor-type=\"wp-page\" data-elementor-id=\"2579\" class=\"elementor elementor-2579\">\n\t\t\t\t<div class=\"elementor-element elementor-element-fb80c18 e-flex e-con-boxed e-con e-parent\" data-id=\"fb80c18\" data-element_type=\"container\">\n\t\t\t\t\t<div class=\"e-con-inner\">\n\t\t\t\t<div class=\"elementor-element elementor-element-e66084c elementor-widget elementor-widget-heading\" data-id=\"e66084c\" data-element_type=\"widget\" data-widget_type=\"heading.default\">\n\t\t\t\t\t<h1 class=\"elementor-heading-title elementor-size-default\">DES FERRAILLAGES PENS\u00c9S POUR VOUS SIMPLIFIER LE CHANTIER <\/h1>\t\t\t\t<\/div>\n\t\t\t\t<div class=\"elementor-element elementor-element-7c01e0c elementor-widget elementor-widget-text-editor\" data-id=\"7c01e0c\" data-element_type=\"widget\" data-widget_type=\"text-editor.default\">\n\t\t\t\t\t\t\t\t\t<p style=\"text-align: left;\" data-start=\"203\" data-end=\"404\">Chez SAS Armatures, notre bureau d\u2019\u00e9tudes ne fait pas que du d\u00e9corticage de plan.<br data-start=\"271\" data-end=\"274\" \/>Il con\u00e7oit des solutions pour <strong data-start=\"304\" data-end=\"404\">vous faire gagner du temps, \u00e9viter les erreurs et travailler plus sereinement sur vos chantiers.<\/strong><\/p><p style=\"text-align: left;\" data-start=\"406\" data-end=\"475\">\ud83d\udc49 Moins de complexit\u00e9<br data-start=\"428\" data-end=\"431\" \/>\ud83d\udc49 Moins d\u2019impr\u00e9vus<br data-start=\"450\" data-end=\"453\" \/>\ud83d\udc49 Plus d\u2019efficacit\u00e9<\/p><p style=\"text-align: left;\" data-start=\"477\" data-end=\"582\">Notre objectif est clair : <strong data-start=\"504\" data-end=\"582\">rendre vos ferraillages simples \u00e0 comprendre et rapides \u00e0 mettre en \u0153uvre.<\/strong><\/p>\t\t\t\t\t\t\t\t<\/div>\n\t\t\t\t<div class=\"elementor-element elementor-element-1f86972 elementor-widget elementor-widget-heading\" data-id=\"1f86972\" data-element_type=\"widget\" data-widget_type=\"heading.default\">\n\t\t\t\t\t<h2 class=\"elementor-heading-title elementor-size-default\">On transforme vos contraintes en solutions simples<\/h2>\t\t\t\t<\/div>\n\t\t\t\t<div class=\"elementor-element elementor-element-582e473 elementor-widget elementor-widget-text-editor\" data-id=\"582e473\" data-element_type=\"widget\" data-widget_type=\"text-editor.default\">\n\t\t\t\t\t\t\t\t\t<p data-start=\"648\" data-end=\"751\">Plans compliqu\u00e9s, d\u00e9tails difficiles \u00e0 lire, assemblages complexes\u2026<br data-start=\"715\" data-end=\"718\" \/>On conna\u00eet la r\u00e9alit\u00e9 du terrain.<\/p><p style=\"text-align: left;\" data-start=\"753\" data-end=\"806\">C\u2019est pourquoi notre bureau d\u2019\u00e9tudes travaille pour :<\/p><ul><li>simplifier les ferraillages<\/li><li>optimiser les quantit\u00e9s d\u2019acier<\/li><li>adapter les solutions \u00e0 vos \u00e9quipes<\/li><li>anticiper les contraintes de pose<\/li><\/ul><p style=\"text-align: left;\" data-start=\"954\" data-end=\"1043\">\ud83d\udc49 R\u00e9sultat : <strong data-start=\"968\" data-end=\"1043\">des armatures plus faciles \u00e0 poser et des chantiers qui avancent mieux.<\/strong><\/p>\t\t\t\t\t\t\t\t<\/div>\n\t\t\t\t\t<\/div>\n\t\t\t\t<\/div>\n\t\t<div class=\"elementor-element elementor-element-b460254 e-flex e-con-boxed e-con e-parent\" data-id=\"b460254\" data-element_type=\"container\">\n\t\t\t\t\t<div class=\"e-con-inner\">\n\t\t<div class=\"elementor-element elementor-element-440b691 e-con-full e-transform e-flex e-con e-child\" data-id=\"440b691\" data-element_type=\"container\" data-settings=\"{&quot;background_background&quot;:&quot;classic&quot;,&quot;_transform_scaleX_effect&quot;:{&quot;unit&quot;:&quot;px&quot;,&quot;size&quot;:&quot;&quot;,&quot;sizes&quot;:[]},&quot;_transform_scaleX_effect_tablet&quot;:{&quot;unit&quot;:&quot;px&quot;,&quot;size&quot;:&quot;&quot;,&quot;sizes&quot;:[]},&quot;_transform_scaleX_effect_mobile&quot;:{&quot;unit&quot;:&quot;px&quot;,&quot;size&quot;:&quot;&quot;,&quot;sizes&quot;:[]},&quot;_transform_scaleY_effect&quot;:{&quot;unit&quot;:&quot;px&quot;,&quot;size&quot;:&quot;&quot;,&quot;sizes&quot;:[]},&quot;_transform_scaleY_effect_tablet&quot;:{&quot;unit&quot;:&quot;px&quot;,&quot;size&quot;:&quot;&quot;,&quot;sizes&quot;:[]},&quot;_transform_scaleY_effect_mobile&quot;:{&quot;unit&quot;:&quot;px&quot;,&quot;size&quot;:&quot;&quot;,&quot;sizes&quot;:[]}}\">\n\t\t<div class=\"elementor-element elementor-element-5cb57d2 e-con-full e-flex e-con e-child\" data-id=\"5cb57d2\" data-element_type=\"container\">\n\t\t\t\t<div class=\"elementor-element elementor-element-1ed3408 elementor-widget elementor-widget-heading\" data-id=\"1ed3408\" data-element_type=\"widget\" data-widget_type=\"heading.default\">\n\t\t\t\t\t<h3 class=\"elementor-heading-title elementor-size-default\">Un vrai gain sur vos chantiers<\/h3>\t\t\t\t<\/div>\n\t\t\t\t<div class=\"elementor-element elementor-element-564f04e elementor-widget elementor-widget-text-editor\" data-id=\"564f04e\" data-element_type=\"widget\" data-widget_type=\"text-editor.default\">\n\t\t\t\t\t\t\t\t\t<p style=\"text-align: left;\" data-start=\"1089\" data-end=\"1127\">Une \u00e9tude bien faite, \u00e7a change tout :<\/p><p style=\"text-align: left;\" data-start=\"1129\" data-end=\"1304\">\u2714 Moins de temps pass\u00e9 \u00e0 comprendre les plans<br data-start=\"1174\" data-end=\"1177\" \/>\u2714 Moins d\u2019erreurs de mise en \u0153uvre<br data-start=\"1211\" data-end=\"1214\" \/>\u2714 Moins de pertes de mat\u00e9riaux<br data-start=\"1244\" data-end=\"1247\" \/>\u2714 Des \u00e9quipes plus efficaces<br data-start=\"1275\" data-end=\"1278\" \/>\u2714 Des d\u00e9lais mieux tenus<\/p><p style=\"text-align: left;\" data-start=\"1306\" data-end=\"1352\">\ud83d\udc49 En clair : <strong data-start=\"1320\" data-end=\"1352\">vous gagnez en productivit\u00e9.<\/strong><\/p>\t\t\t\t\t\t\t\t<\/div>\n\t\t\t\t<\/div>\n\t\t<div class=\"elementor-element elementor-element-ab27bbe e-con-full e-flex e-con e-child\" data-id=\"ab27bbe\" data-element_type=\"container\">\n\t\t\t\t<div class=\"elementor-element elementor-element-d205b35 elementor-widget elementor-widget-image\" data-id=\"d205b35\" data-element_type=\"widget\" data-widget_type=\"image.default\">\n\t\t\t\t\t\t\t\t\t\t\t\t\t\t\t\t<a href=\"https:\/\/www.sasarmatures.com\/wp-content\/uploads\/2026\/03\/Plan-ferraillage-armature-2.jpg\" data-elementor-open-lightbox=\"yes\" data-elementor-lightbox-title=\"Plan-ferraillage-armature-2\" data-e-action-hash=\"#elementor-action%3Aaction%3Dlightbox%26settings%3DeyJpZCI6MjY1NSwidXJsIjoiaHR0cHM6XC9cL3d3dy5zYXNhcm1hdHVyZXMuY29tXC93cC1jb250ZW50XC91cGxvYWRzXC8yMDI2XC8wM1wvUGxhbi1mZXJyYWlsbGFnZS1hcm1hdHVyZS0yLmpwZyJ9\">\n\t\t\t\t\t\t\t<img fetchpriority=\"high\" decoding=\"async\" width=\"1024\" height=\"544\" src=\"https:\/\/www.sasarmatures.com\/wp-content\/uploads\/2026\/03\/Plan-ferraillage-armature-2-1024x544.jpg\" class=\"attachment-large size-large wp-image-2655\" alt=\"Plan de ferraillage\" srcset=\"https:\/\/www.sasarmatures.com\/wp-content\/uploads\/2026\/03\/Plan-ferraillage-armature-2-1024x544.jpg 1024w, https:\/\/www.sasarmatures.com\/wp-content\/uploads\/2026\/03\/Plan-ferraillage-armature-2-300x159.jpg 300w, https:\/\/www.sasarmatures.com\/wp-content\/uploads\/2026\/03\/Plan-ferraillage-armature-2-768x408.jpg 768w, https:\/\/www.sasarmatures.com\/wp-content\/uploads\/2026\/03\/Plan-ferraillage-armature-2.jpg 1107w\" sizes=\"(max-width: 1024px) 100vw, 1024px\" \/>\t\t\t\t\t\t\t\t<\/a>\n\t\t\t\t\t\t\t\t\t\t\t\t\t\t\t<\/div>\n\t\t\t\t<\/div>\n\t\t\t\t<\/div>\n\t\t\t\t\t<\/div>\n\t\t\t\t<\/div>\n\t\t<div class=\"elementor-element elementor-element-c80fc1b e-flex e-con-boxed e-con e-parent\" data-id=\"c80fc1b\" data-element_type=\"container\">\n\t\t\t\t\t<div class=\"e-con-inner\">\n\t\t\t\t<div class=\"elementor-element elementor-element-935eb3b elementor-widget elementor-widget-heading\" data-id=\"935eb3b\" data-element_type=\"widget\" data-widget_type=\"heading.default\">\n\t\t\t\t\t<h2 class=\"elementor-heading-title elementor-size-default\">Pourquoi choisir SAS Armatures ?<\/h2>\t\t\t\t<\/div>\n\t\t\t\t<div class=\"elementor-element elementor-element-882c924 elementor-widget elementor-widget-text-editor\" data-id=\"882c924\" data-element_type=\"widget\" data-widget_type=\"text-editor.default\">\n\t\t\t\t\t\t\t\t\t<p style=\"text-align: left;\" data-start=\"2015\" data-end=\"2173\">\u2714 Une vraie exp\u00e9rience du terrain<br data-start=\"2048\" data-end=\"2051\" \/>\u2714 Une approche orient\u00e9e efficacit\u00e9 chantier<br data-start=\"2094\" data-end=\"2097\" \/>\u2714 Des solutions simples et fiables<br data-start=\"2131\" data-end=\"2134\" \/>\u2714 Une r\u00e9activit\u00e9 adapt\u00e9e \u00e0 vos d\u00e9lais<\/p><p style=\"text-align: left;\" data-start=\"2175\" data-end=\"2270\">\ud83d\udc49 Chez nous, le bureau d\u2019\u00e9tudes est l\u00e0 pour une seule chose : <strong data-start=\"2240\" data-end=\"2270\">vous faciliter le travail.<\/strong><\/p>\t\t\t\t\t\t\t\t<\/div>\n\t\t\t\t<div class=\"elementor-element elementor-element-630c858 elementor-widget elementor-widget-heading\" data-id=\"630c858\" data-element_type=\"widget\" data-widget_type=\"heading.default\">\n\t\t\t\t\t<h2 class=\"elementor-heading-title elementor-size-default\">Besoin d\u2019optimiser vos ferraillages ?<\/h2>\t\t\t\t<\/div>\n\t\t\t\t<div class=\"elementor-element elementor-element-be6018d elementor-widget elementor-widget-text-editor\" data-id=\"be6018d\" data-element_type=\"widget\" data-widget_type=\"text-editor.default\">\n\t\t\t\t\t\t\t\t\t<p style=\"text-align: left;\" data-start=\"2323\" data-end=\"2400\">Parlez-nous de votre projet, on vous propose une solution adapt\u00e9e rapidement.<\/p><p style=\"text-align: left;\" data-start=\"2323\" data-end=\"2400\">\ud83d\udce7sascommerce@sasarmatures.com<\/p><p style=\"text-align: left;\" data-start=\"2452\" data-end=\"2521\">\ud83d\udc49 <strong data-start=\"2455\" data-end=\"2521\">R\u00e9ponse rapide \u2013 solutions concr\u00e8tes \u2013 accompagnement efficace<\/strong><\/p>\t\t\t\t\t\t\t\t<\/div>\n\t\t\t\t\t<\/div>\n\t\t\t\t<\/div>\n\t\t<div class=\"elementor-element elementor-element-e972357 e-flex e-con-boxed e-con e-parent\" data-id=\"e972357\" data-element_type=\"container\">\n\t\t\t\t\t<div class=\"e-con-inner\">\n\t\t\t\t<div class=\"elementor-element elementor-element-5d943b0 elementor-align-center elementor-widget elementor-widget-button\" data-id=\"5d943b0\" data-element_type=\"widget\" data-widget_type=\"button.default\">\n\t\t\t\t\t\t\t\t\t\t<a class=\"elementor-button elementor-button-link elementor-size-sm\" href=\"https:\/\/www.sasarmatures.com\/#devis\">\n\t\t\t\t\t\t<span class=\"elementor-button-content-wrapper\">\n\t\t\t\t\t\t\t\t\t<span class=\"elementor-button-text\">Contactez-nous pour devis personnalis\u00e9<\/span>\n\t\t\t\t\t<\/span>\n\t\t\t\t\t<\/a>\n\t\t\t\t\t\t\t\t<\/div>\n\t\t\t\t\t<\/div>\n\t\t\t\t<\/div>\n\t\t\t\t<\/div>\n\t\t","protected":false},"excerpt":{"rendered":"<p>DES FERRAILLAGES PENS\u00c9S POUR VOUS SIMPLIFIER LE CHANTIER Chez SAS Armatures, notre bureau d\u2019\u00e9tudes ne fait pas que du d\u00e9corticage de plan.Il con\u00e7oit des solutions pour vous faire gagner du temps, \u00e9viter les erreurs et travailler plus sereinement sur vos chantiers. \ud83d\udc49 Moins de complexit\u00e9\ud83d\udc49 Moins d\u2019impr\u00e9vus\ud83d\udc49 Plus d\u2019efficacit\u00e9 Notre objectif est clair : rendre&hellip; <br \/> <a class=\"button small blue\" href=\"https:\/\/www.sasarmatures.com\/index.php\/etude-technique\/\">Lire la suite<\/a><\/p>\n","protected":false},"author":1,"featured_media":0,"parent":0,"menu_order":0,"comment_status":"closed","ping_status":"closed","template":"","meta":{"footnotes":""},"class_list":["post-2579","page","type-page","status-publish","hentry"],"_links":{"self":[{"href":"https:\/\/www.sasarmatures.com\/index.php\/wp-json\/wp\/v2\/pages\/2579","targetHints":{"allow":["GET"]}}],"collection":[{"href":"https:\/\/www.sasarmatures.com\/index.php\/wp-json\/wp\/v2\/pages"}],"about":[{"href":"https:\/\/www.sasarmatures.com\/index.php\/wp-json\/wp\/v2\/types\/page"}],"author":[{"embeddable":true,"href":"https:\/\/www.sasarmatures.com\/index.php\/wp-json\/wp\/v2\/users\/1"}],"replies":[{"embeddable":true,"href":"https:\/\/www.sasarmatures.com\/index.php\/wp-json\/wp\/v2\/comments?post=2579"}],"version-history":[{"count":46,"href":"https:\/\/www.sasarmatures.com\/index.php\/wp-json\/wp\/v2\/pages\/2579\/revisions"}],"predecessor-version":[{"id":2689,"href":"https:\/\/www.sasarmatures.com\/index.php\/wp-json\/wp\/v2\/pages\/2579\/revisions\/2689"}],"wp:attachment":[{"href":"https:\/\/www.sasarmatures.com\/index.php\/wp-json\/wp\/v2\/media?parent=2579"}],"curies":[{"name":"wp","href":"https:\/\/api.w.org\/{rel}","templated":true}]}}