{"id":2743,"date":"2026-04-01T09:07:54","date_gmt":"2026-04-01T07:07:54","guid":{"rendered":"https:\/\/www.sasarmatures.com\/?page_id=2743"},"modified":"2026-04-03T14:35:53","modified_gmt":"2026-04-03T12:35:53","slug":"produits-services","status":"publish","type":"page","link":"https:\/\/www.sasarmatures.com\/index.php\/produits-services\/","title":{"rendered":"Produits et Services"},"content":{"rendered":"\t\t<div data-elementor-type=\"wp-page\" data-elementor-id=\"2743\" class=\"elementor elementor-2743\">\n\t\t\t\t<div class=\"elementor-element elementor-element-eb4a743 e-flex e-con-boxed e-con e-parent\" data-id=\"eb4a743\" data-element_type=\"container\">\n\t\t\t\t\t<div class=\"e-con-inner\">\n\t\t<div class=\"elementor-element elementor-element-b732660 e-con-full e-flex e-con e-child\" data-id=\"b732660\" data-element_type=\"container\">\n\t\t\t\t<div class=\"elementor-element elementor-element-7a1007d elementor-widget elementor-widget-image\" data-id=\"7a1007d\" data-element_type=\"widget\" data-widget_type=\"image.default\">\n\t\t\t\t\t\t\t\t\t\t\t\t\t\t\t<img fetchpriority=\"high\" decoding=\"async\" width=\"1024\" height=\"576\" src=\"https:\/\/www.sasarmatures.com\/wp-content\/uploads\/2026\/04\/soudeur-chantier-btp-armatures-sas-beton-page-produit-2-1024x576.jpg\" class=\"attachment-large size-large wp-image-2778\" alt=\"soudeur beton fer sas coup\u00e9es faconn\u00e9es acier\" srcset=\"https:\/\/www.sasarmatures.com\/wp-content\/uploads\/2026\/04\/soudeur-chantier-btp-armatures-sas-beton-page-produit-2-1024x576.jpg 1024w, https:\/\/www.sasarmatures.com\/wp-content\/uploads\/2026\/04\/soudeur-chantier-btp-armatures-sas-beton-page-produit-2-300x169.jpg 300w, https:\/\/www.sasarmatures.com\/wp-content\/uploads\/2026\/04\/soudeur-chantier-btp-armatures-sas-beton-page-produit-2-768x432.jpg 768w, https:\/\/www.sasarmatures.com\/wp-content\/uploads\/2026\/04\/soudeur-chantier-btp-armatures-sas-beton-page-produit-2-1536x864.jpg 1536w, https:\/\/www.sasarmatures.com\/wp-content\/uploads\/2026\/04\/soudeur-chantier-btp-armatures-sas-beton-page-produit-2.jpg 1920w\" sizes=\"(max-width: 1024px) 100vw, 1024px\" \/>\t\t\t\t\t\t\t\t\t\t\t\t\t\t\t<\/div>\n\t\t\t\t<div class=\"elementor-element elementor-element-f3dcaa0 elementor-align-center elementor-widget elementor-widget-button\" data-id=\"f3dcaa0\" data-element_type=\"widget\" data-widget_type=\"button.default\">\n\t\t\t\t\t\t\t\t\t\t<a class=\"elementor-button elementor-button-link elementor-size-sm\" href=\"#\">\n\t\t\t\t\t\t<span class=\"elementor-button-content-wrapper\">\n\t\t\t\t\t\t\t\t\t<span class=\"elementor-button-text\">D\u00e9tail<\/span>\n\t\t\t\t\t<\/span>\n\t\t\t\t\t<\/a>\n\t\t\t\t\t\t\t\t<\/div>\n\t\t\t\t<\/div>\n\t\t<div class=\"elementor-element elementor-element-3ecd541 e-con-full e-flex e-con e-child\" data-id=\"3ecd541\" data-element_type=\"container\">\n\t\t\t\t<div class=\"elementor-element elementor-element-9ac8dbd elementor-widget elementor-widget-image\" data-id=\"9ac8dbd\" data-element_type=\"widget\" data-widget_type=\"image.default\">\n\t\t\t\t\t\t\t\t\t\t\t\t\t\t\t<img decoding=\"async\" width=\"1024\" height=\"576\" src=\"https:\/\/www.sasarmatures.com\/wp-content\/uploads\/2026\/04\/coupleur-bartec-assemble-armature-beton-pour-page-produit-2-1024x576.jpg\" class=\"attachment-large size-large wp-image-2786\" alt=\"bartec coupleur armature assembl\u00e9e fer beton arm\u00e9\" srcset=\"https:\/\/www.sasarmatures.com\/wp-content\/uploads\/2026\/04\/coupleur-bartec-assemble-armature-beton-pour-page-produit-2-1024x576.jpg 1024w, https:\/\/www.sasarmatures.com\/wp-content\/uploads\/2026\/04\/coupleur-bartec-assemble-armature-beton-pour-page-produit-2-300x169.jpg 300w, https:\/\/www.sasarmatures.com\/wp-content\/uploads\/2026\/04\/coupleur-bartec-assemble-armature-beton-pour-page-produit-2-768x432.jpg 768w, https:\/\/www.sasarmatures.com\/wp-content\/uploads\/2026\/04\/coupleur-bartec-assemble-armature-beton-pour-page-produit-2-1536x864.jpg 1536w, https:\/\/www.sasarmatures.com\/wp-content\/uploads\/2026\/04\/coupleur-bartec-assemble-armature-beton-pour-page-produit-2.jpg 1920w\" sizes=\"(max-width: 1024px) 100vw, 1024px\" \/>\t\t\t\t\t\t\t\t\t\t\t\t\t\t\t<\/div>\n\t\t\t\t<div class=\"elementor-element elementor-element-9556ae8 elementor-align-center elementor-widget elementor-widget-button\" data-id=\"9556ae8\" data-element_type=\"widget\" data-widget_type=\"button.default\">\n\t\t\t\t\t\t\t\t\t\t<a class=\"elementor-button elementor-button-link elementor-size-sm\" href=\"#\">\n\t\t\t\t\t\t<span class=\"elementor-button-content-wrapper\">\n\t\t\t\t\t\t\t\t\t<span class=\"elementor-button-text\">D\u00e9tail<\/span>\n\t\t\t\t\t<\/span>\n\t\t\t\t\t<\/a>\n\t\t\t\t\t\t\t\t<\/div>\n\t\t\t\t<\/div>\n\t\t\t\t\t<\/div>\n\t\t\t\t<\/div>\n\t\t<div class=\"elementor-element elementor-element-d29ec59 e-flex e-con-boxed e-con e-parent\" data-id=\"d29ec59\" data-element_type=\"container\">\n\t\t\t\t\t<div class=\"e-con-inner\">\n\t\t\t\t<div class=\"elementor-element elementor-element-9ef79f5 elementor-widget elementor-widget-heading\" data-id=\"9ef79f5\" data-element_type=\"widget\" data-widget_type=\"heading.default\">\n\t\t\t\t\t<h2 class=\"elementor-heading-title elementor-size-default\">D\u00c9COUVREZ NOTRE GAMME COMPL\u00c8TE D'ARMATURES<\/h2>\t\t\t\t<\/div>\n\t\t\t\t<div class=\"elementor-element elementor-element-036feaf elementor-align-center elementor-widget elementor-widget-button\" data-id=\"036feaf\" data-element_type=\"widget\" data-widget_type=\"button.default\">\n\t\t\t\t\t\t\t\t\t\t<a class=\"elementor-button elementor-button-link elementor-size-sm\" href=\"https:\/\/www.sasarmatures.com\/#devis\">\n\t\t\t\t\t\t<span class=\"elementor-button-content-wrapper\">\n\t\t\t\t\t\t\t\t\t<span class=\"elementor-button-text\">Contactez-nous pour devis personnalis\u00e9<\/span>\n\t\t\t\t\t<\/span>\n\t\t\t\t\t<\/a>\n\t\t\t\t\t\t\t\t<\/div>\n\t\t\t\t\t<\/div>\n\t\t\t\t<\/div>\n\t\t<div class=\"elementor-element elementor-element-8da90ba e-flex e-con-boxed e-con e-parent\" data-id=\"8da90ba\" data-element_type=\"container\" data-settings=\"{&quot;background_background&quot;:&quot;classic&quot;}\">\n\t\t\t\t\t<div class=\"e-con-inner\">\n\t\t<div class=\"elementor-element elementor-element-44fc1ce e-con-full e-flex e-con e-child\" data-id=\"44fc1ce\" data-element_type=\"container\">\n\t\t\t\t<div class=\"elementor-element elementor-element-b7a37dc elementor-widget elementor-widget-heading\" data-id=\"b7a37dc\" data-element_type=\"widget\" data-widget_type=\"heading.default\">\n\t\t\t\t\t<h2 class=\"elementor-heading-title elementor-size-default\">Ajoutez votre titre ici<\/h2>\t\t\t\t<\/div>\n\t\t\t\t<div class=\"elementor-element elementor-element-d84828f elementor-widget elementor-widget-text-editor\" data-id=\"d84828f\" data-element_type=\"widget\" data-widget_type=\"text-editor.default\">\n\t\t\t\t\t\t\t\t\t<p>Lorem ipsum dolor sit amet, consectetur adipiscing elit. Ut elit tellus, luctus nec ullamcorper mattis, pulvinar dapibus leo.<\/p>\t\t\t\t\t\t\t\t<\/div>\n\t\t\t\t<\/div>\n\t\t<div class=\"elementor-element elementor-element-73eebbb e-con-full e-flex e-con e-child\" data-id=\"73eebbb\" data-element_type=\"container\">\n\t\t\t\t<div class=\"elementor-element elementor-element-e51876e elementor-widget elementor-widget-image\" data-id=\"e51876e\" data-element_type=\"widget\" data-widget_type=\"image.default\">\n\t\t\t\t\t\t\t\t\t\t\t\t\t\t\t<img decoding=\"async\" width=\"1024\" height=\"576\" src=\"https:\/\/www.sasarmatures.com\/wp-content\/uploads\/2025\/11\/eolien-parc-pose-chantier-armature-ferraillage-beton-btp-1024x576.jpg\" class=\"attachment-large size-large wp-image-1417\" alt=\"\" srcset=\"https:\/\/www.sasarmatures.com\/wp-content\/uploads\/2025\/11\/eolien-parc-pose-chantier-armature-ferraillage-beton-btp-1024x576.jpg 1024w, https:\/\/www.sasarmatures.com\/wp-content\/uploads\/2025\/11\/eolien-parc-pose-chantier-armature-ferraillage-beton-btp-300x169.jpg 300w, https:\/\/www.sasarmatures.com\/wp-content\/uploads\/2025\/11\/eolien-parc-pose-chantier-armature-ferraillage-beton-btp-768x432.jpg 768w, https:\/\/www.sasarmatures.com\/wp-content\/uploads\/2025\/11\/eolien-parc-pose-chantier-armature-ferraillage-beton-btp-1536x864.jpg 1536w, https:\/\/www.sasarmatures.com\/wp-content\/uploads\/2025\/11\/eolien-parc-pose-chantier-armature-ferraillage-beton-btp.jpg 1920w\" sizes=\"(max-width: 1024px) 100vw, 1024px\" \/>\t\t\t\t\t\t\t\t\t\t\t\t\t\t\t<\/div>\n\t\t\t\t<div class=\"elementor-element elementor-element-f55fecb elementor-widget elementor-widget-image\" data-id=\"f55fecb\" data-element_type=\"widget\" data-widget_type=\"image.default\">\n\t\t\t\t\t\t\t\t\t\t\t\t\t\t\t<img decoding=\"async\" width=\"1024\" height=\"576\" src=\"https:\/\/www.sasarmatures.com\/wp-content\/uploads\/2025\/11\/eolien-parc-pose-chantier-armature-ferraillage-beton-btp-1024x576.jpg\" class=\"attachment-large size-large wp-image-1417\" alt=\"\" srcset=\"https:\/\/www.sasarmatures.com\/wp-content\/uploads\/2025\/11\/eolien-parc-pose-chantier-armature-ferraillage-beton-btp-1024x576.jpg 1024w, https:\/\/www.sasarmatures.com\/wp-content\/uploads\/2025\/11\/eolien-parc-pose-chantier-armature-ferraillage-beton-btp-300x169.jpg 300w, https:\/\/www.sasarmatures.com\/wp-content\/uploads\/2025\/11\/eolien-parc-pose-chantier-armature-ferraillage-beton-btp-768x432.jpg 768w, https:\/\/www.sasarmatures.com\/wp-content\/uploads\/2025\/11\/eolien-parc-pose-chantier-armature-ferraillage-beton-btp-1536x864.jpg 1536w, https:\/\/www.sasarmatures.com\/wp-content\/uploads\/2025\/11\/eolien-parc-pose-chantier-armature-ferraillage-beton-btp.jpg 1920w\" sizes=\"(max-width: 1024px) 100vw, 1024px\" \/>\t\t\t\t\t\t\t\t\t\t\t\t\t\t\t<\/div>\n\t\t\t\t<div class=\"elementor-element elementor-element-7ee9b4e elementor-widget elementor-widget-image\" data-id=\"7ee9b4e\" data-element_type=\"widget\" data-widget_type=\"image.default\">\n\t\t\t\t\t\t\t\t\t\t\t\t\t\t\t<img loading=\"lazy\" decoding=\"async\" width=\"1024\" height=\"576\" src=\"https:\/\/www.sasarmatures.com\/wp-content\/uploads\/2025\/11\/Arriere-plan-bureau-sas-armatures-beton-1024x576.jpg\" class=\"attachment-large size-large wp-image-1456\" alt=\"Arri\u00e8re-plan-bureau-sas-armatures-beton\" srcset=\"https:\/\/www.sasarmatures.com\/wp-content\/uploads\/2025\/11\/Arriere-plan-bureau-sas-armatures-beton-1024x576.jpg 1024w, https:\/\/www.sasarmatures.com\/wp-content\/uploads\/2025\/11\/Arriere-plan-bureau-sas-armatures-beton-300x169.jpg 300w, https:\/\/www.sasarmatures.com\/wp-content\/uploads\/2025\/11\/Arriere-plan-bureau-sas-armatures-beton-768x432.jpg 768w, https:\/\/www.sasarmatures.com\/wp-content\/uploads\/2025\/11\/Arriere-plan-bureau-sas-armatures-beton-1536x864.jpg 1536w, https:\/\/www.sasarmatures.com\/wp-content\/uploads\/2025\/11\/Arriere-plan-bureau-sas-armatures-beton.jpg 1920w\" sizes=\"(max-width: 1024px) 100vw, 1024px\" \/>\t\t\t\t\t\t\t\t\t\t\t\t\t\t\t<\/div>\n\t\t\t\t<\/div>\n\t\t\t\t\t<\/div>\n\t\t\t\t<\/div>\n\t\t\t\t<\/div>\n\t\t","protected":false},"excerpt":{"rendered":"<p>D\u00e9tail D\u00e9tail D\u00c9COUVREZ NOTRE GAMME COMPL\u00c8TE D&rsquo;ARMATURES Contactez-nous pour devis personnalis\u00e9 Ajoutez votre titre ici Lorem ipsum dolor sit amet, consectetur adipiscing elit. Ut elit tellus, luctus nec ullamcorper mattis, pulvinar dapibus leo.<\/p>\n","protected":false},"author":1,"featured_media":0,"parent":0,"menu_order":0,"comment_status":"closed","ping_status":"closed","template":"","meta":{"footnotes":""},"class_list":["post-2743","page","type-page","status-publish","hentry"],"_links":{"self":[{"href":"https:\/\/www.sasarmatures.com\/index.php\/wp-json\/wp\/v2\/pages\/2743","targetHints":{"allow":["GET"]}}],"collection":[{"href":"https:\/\/www.sasarmatures.com\/index.php\/wp-json\/wp\/v2\/pages"}],"about":[{"href":"https:\/\/www.sasarmatures.com\/index.php\/wp-json\/wp\/v2\/types\/page"}],"author":[{"embeddable":true,"href":"https:\/\/www.sasarmatures.com\/index.php\/wp-json\/wp\/v2\/users\/1"}],"replies":[{"embeddable":true,"href":"https:\/\/www.sasarmatures.com\/index.php\/wp-json\/wp\/v2\/comments?post=2743"}],"version-history":[{"count":102,"href":"https:\/\/www.sasarmatures.com\/index.php\/wp-json\/wp\/v2\/pages\/2743\/revisions"}],"predecessor-version":[{"id":2872,"href":"https:\/\/www.sasarmatures.com\/index.php\/wp-json\/wp\/v2\/pages\/2743\/revisions\/2872"}],"wp:attachment":[{"href":"https:\/\/www.sasarmatures.com\/index.php\/wp-json\/wp\/v2\/media?parent=2743"}],"curies":[{"name":"wp","href":"https:\/\/api.w.org\/{rel}","templated":true}]}}