{"id":3,"date":"2020-11-09T11:24:03","date_gmt":"2020-11-09T10:24:03","guid":{"rendered":"https:\/\/www.sasarmatures.com\/?page_id=3"},"modified":"2025-12-16T15:35:58","modified_gmt":"2025-12-16T14:35:58","slug":"politique-de-confidentialite","status":"publish","type":"page","link":"https:\/\/www.sasarmatures.com\/index.php\/politique-de-confidentialite\/","title":{"rendered":"Politique de confidentialit\u00e9"},"content":{"rendered":"\t\t<div data-elementor-type=\"wp-page\" data-elementor-id=\"3\" class=\"elementor elementor-3\">\n\t\t\t\t<div class=\"elementor-element elementor-element-0951c27 e-flex e-con-boxed e-con e-parent\" data-id=\"0951c27\" data-element_type=\"container\">\n\t\t\t\t\t<div class=\"e-con-inner\">\n\t\t\t\t<div class=\"elementor-element elementor-element-1f1d0ea elementor-widget elementor-widget-heading\" data-id=\"1f1d0ea\" data-element_type=\"widget\" data-widget_type=\"heading.default\">\n\t\t\t\t\t<h2 class=\"elementor-heading-title elementor-size-default\">Responsable du traitement des donn\u00e9es<\/h2>\t\t\t\t<\/div>\n\t\t\t\t<div class=\"elementor-element elementor-element-21bb24b elementor-widget elementor-widget-text-editor\" data-id=\"21bb24b\" data-element_type=\"widget\" data-widget_type=\"text-editor.default\">\n\t\t\t\t\t\t\t\t\t<p data-start=\"1769\" data-end=\"1836\">Les donn\u00e9es personnelles collect\u00e9es sur ce site sont trait\u00e9es par :<\/p><p data-start=\"1838\" data-end=\"1940\"><strong data-start=\"1838\" data-end=\"1855\">SAS ARMATURES<\/strong><br data-start=\"1855\" data-end=\"1858\" \/>Parc de la Br\u00e8che aux Loups \u2013 27340 Criquebeuf-sur-Seine<br data-start=\"1914\" data-end=\"1917\" \/>\ud83d\udce7 <a class=\"decorated-link cursor-pointer\" rel=\"noopener\" data-start=\"1920\" data-end=\"1940\">sas@sasarmatures.com<\/a><\/p>\t\t\t\t\t\t\t\t<\/div>\n\t\t\t\t<div class=\"elementor-element elementor-element-2d94b8b elementor-widget elementor-widget-heading\" data-id=\"2d94b8b\" data-element_type=\"widget\" data-widget_type=\"heading.default\">\n\t\t\t\t\t<h2 class=\"elementor-heading-title elementor-size-default\">Donn\u00e9es collect\u00e9es<\/h2>\t\t\t\t<\/div>\n\t\t\t\t<div class=\"elementor-element elementor-element-2b0e48e elementor-widget elementor-widget-text-editor\" data-id=\"2b0e48e\" data-element_type=\"widget\" data-widget_type=\"text-editor.default\">\n\t\t\t\t\t\t\t\t\t<p data-start=\"1973\" data-end=\"2056\">Dans le cadre de son activit\u00e9, SAS Armatures peut collecter les donn\u00e9es suivantes :<\/p><ul><li data-start=\"1973\" data-end=\"2056\">Nom et pr\u00e9nom<\/li><li data-start=\"1973\" data-end=\"2056\">Adresse e-mail<\/li><li data-start=\"1973\" data-end=\"2056\">Num\u00e9ro de t\u00e9l\u00e9phone<\/li><li data-start=\"1973\" data-end=\"2056\">Message (formulaire de contact)<\/li><li data-start=\"1973\" data-end=\"2056\">Adresse IP<\/li><li data-start=\"1973\" data-end=\"2056\">Donn\u00e9es de navigation (cookies, statistiques)<\/li><\/ul>\t\t\t\t\t\t\t\t<\/div>\n\t\t\t\t<div class=\"elementor-element elementor-element-13f1182 elementor-widget elementor-widget-heading\" data-id=\"13f1182\" data-element_type=\"widget\" data-widget_type=\"heading.default\">\n\t\t\t\t\t<h2 class=\"elementor-heading-title elementor-size-default\">Finalit\u00e9s de la collecte<\/h2>\t\t\t\t<\/div>\n\t\t\t\t<div class=\"elementor-element elementor-element-621386c elementor-widget elementor-widget-text-editor\" data-id=\"621386c\" data-element_type=\"widget\" data-widget_type=\"text-editor.default\">\n\t\t\t\t\t\t\t\t\t<p>Les donn\u00e9es sont collect\u00e9es afin de :<\/p><ul><li data-start=\"2255\" data-end=\"2292\">R\u00e9pondre aux demandes envoy\u00e9es via les diff\u00e9rents formulaires du site,<\/li><li data-start=\"2255\" data-end=\"2292\">\u00c9tablir des devis ou \u00e9changes commerciaux,<\/li><li data-start=\"2255\" data-end=\"2292\">Assurer le bon fonctionnement et la s\u00e9curit\u00e9 du site,<\/li><li data-start=\"2255\" data-end=\"2292\">Analyser la fr\u00e9quentation du site \u00e0 des fins statistiques.<\/li><\/ul>\t\t\t\t\t\t\t\t<\/div>\n\t\t\t\t<div class=\"elementor-element elementor-element-e19bed0 elementor-widget elementor-widget-heading\" data-id=\"e19bed0\" data-element_type=\"widget\" data-widget_type=\"heading.default\">\n\t\t\t\t\t<h2 class=\"elementor-heading-title elementor-size-default\">Base l\u00e9gale du traitement<\/h2>\t\t\t\t<\/div>\n\t\t\t\t<div class=\"elementor-element elementor-element-e7483cc elementor-widget elementor-widget-text-editor\" data-id=\"e7483cc\" data-element_type=\"widget\" data-widget_type=\"text-editor.default\">\n\t\t\t\t\t\t\t\t\t<p>Les traitements reposent sur :<\/p>\n<ul>\n<li>Le <strong data-start=\"2599\" data-end=\"2615\">consentement<\/strong> de l\u2019utilisateur (formulaire),<\/li>\n<li>L\u2019<strong data-start=\"2662\" data-end=\"2682\">int\u00e9r\u00eat l\u00e9gitime<\/strong> de SAS Armatures (gestion des demandes, am\u00e9lioration du site).<\/li>\n<\/ul>\t\t\t\t\t\t\t\t<\/div>\n\t\t\t\t<div class=\"elementor-element elementor-element-8e053b0 elementor-widget elementor-widget-heading\" data-id=\"8e053b0\" data-element_type=\"widget\" data-widget_type=\"heading.default\">\n\t\t\t\t\t<h2 class=\"elementor-heading-title elementor-size-default\">Dur\u00e9e de conservation<\/h2>\t\t\t\t<\/div>\n\t\t\t\t<div class=\"elementor-element elementor-element-46f8cc3 elementor-widget elementor-widget-text-editor\" data-id=\"46f8cc3\" data-element_type=\"widget\" data-widget_type=\"text-editor.default\">\n\t\t\t\t\t\t\t\t\t<ul>\n<li data-start=\"2783\" data-end=\"2846\">Donn\u00e9es issues des formulaires : <strong data-start=\"2825\" data-end=\"2844\">36 mois maximum<\/strong><\/li>\n<li data-start=\"2783\" data-end=\"2846\">Donn\u00e9es clients : dur\u00e9e l\u00e9gale li\u00e9e aux obligations comptables<\/li>\n<\/ul>\t\t\t\t\t\t\t\t<\/div>\n\t\t\t\t<div class=\"elementor-element elementor-element-410cbbf elementor-widget elementor-widget-heading\" data-id=\"410cbbf\" data-element_type=\"widget\" data-widget_type=\"heading.default\">\n\t\t\t\t\t<h2 class=\"elementor-heading-title elementor-size-default\">Destinataires des donn\u00e9es<\/h2>\t\t\t\t<\/div>\n\t\t\t\t<div class=\"elementor-element elementor-element-57ba435 elementor-widget elementor-widget-text-editor\" data-id=\"57ba435\" data-element_type=\"widget\" data-widget_type=\"text-editor.default\">\n\t\t\t\t\t\t\t\t\t<p data-start=\"2985\" data-end=\"3190\">Les donn\u00e9es sont exclusivement destin\u00e9es \u00e0 <strong data-start=\"3028\" data-end=\"3045\">SAS Armatures<\/strong>.<br data-start=\"3046\" data-end=\"3049\" \/>Elles peuvent \u00eatre transmises \u00e0 des prestataires techniques (h\u00e9bergeur, outils statistiques) uniquement dans le cadre strict de leur mission.<\/p><p data-start=\"3192\" data-end=\"3252\">Aucune donn\u00e9e personnelle n\u2019est vendue ou c\u00e9d\u00e9e \u00e0 des tiers.<\/p>\t\t\t\t\t\t\t\t<\/div>\n\t\t\t\t<div class=\"elementor-element elementor-element-085cfe5 elementor-widget elementor-widget-heading\" data-id=\"085cfe5\" data-element_type=\"widget\" data-widget_type=\"heading.default\">\n\t\t\t\t\t<h2 class=\"elementor-heading-title elementor-size-default\">Droits des utilisateurs<\/h2>\t\t\t\t<\/div>\n\t\t\t\t<div class=\"elementor-element elementor-element-5e64405 elementor-widget elementor-widget-text-editor\" data-id=\"5e64405\" data-element_type=\"widget\" data-widget_type=\"text-editor.default\">\n\t\t\t\t\t\t\t\t\t<p data-start=\"3290\" data-end=\"3347\">Conform\u00e9ment au RGPD, vous disposez des droits suivants :<\/p><ul><li data-start=\"3290\" data-end=\"3347\">Droit d\u2019acc\u00e8s,<\/li><li data-start=\"3290\" data-end=\"3347\">Droit de rectification,<\/li><li data-start=\"3290\" data-end=\"3347\">Droit \u00e0 l\u2019effacement,<\/li><li data-start=\"3290\" data-end=\"3347\">Droit d\u2019opposition,<\/li><li data-start=\"3290\" data-end=\"3347\">Droit \u00e0 la portabilit\u00e9.<\/li><\/ul><p data-start=\"3472\" data-end=\"3525\">\ud83d\udce7 Pour exercer vos droits : <strong data-start=\"3501\" data-end=\"3525\"><a class=\"decorated-link cursor-pointer\" rel=\"noopener\" data-start=\"3503\" data-end=\"3523\">sas@sasarmatures.com<\/a><\/strong><\/p>\t\t\t\t\t\t\t\t<\/div>\n\t\t\t\t\t<\/div>\n\t\t\t\t<\/div>\n\t\t\t\t<\/div>\n\t\t","protected":false},"excerpt":{"rendered":"<p>Responsable du traitement des donn\u00e9es Les donn\u00e9es personnelles collect\u00e9es sur ce site sont trait\u00e9es par : SAS ARMATURESParc de la Br\u00e8che aux Loups \u2013 27340 Criquebeuf-sur-Seine\ud83d\udce7 sas@sasarmatures.com Donn\u00e9es collect\u00e9es Dans le cadre de son activit\u00e9, SAS Armatures peut collecter les donn\u00e9es suivantes : Nom et pr\u00e9nom Adresse e-mail Num\u00e9ro de t\u00e9l\u00e9phone Message (formulaire de contact)&hellip; <br \/> <a class=\"button small blue\" href=\"https:\/\/www.sasarmatures.com\/index.php\/politique-de-confidentialite\/\">Lire la suite<\/a><\/p>\n","protected":false},"author":1,"featured_media":0,"parent":0,"menu_order":0,"comment_status":"closed","ping_status":"open","template":"","meta":{"footnotes":""},"class_list":["post-3","page","type-page","status-publish","hentry"],"_links":{"self":[{"href":"https:\/\/www.sasarmatures.com\/index.php\/wp-json\/wp\/v2\/pages\/3","targetHints":{"allow":["GET"]}}],"collection":[{"href":"https:\/\/www.sasarmatures.com\/index.php\/wp-json\/wp\/v2\/pages"}],"about":[{"href":"https:\/\/www.sasarmatures.com\/index.php\/wp-json\/wp\/v2\/types\/page"}],"author":[{"embeddable":true,"href":"https:\/\/www.sasarmatures.com\/index.php\/wp-json\/wp\/v2\/users\/1"}],"replies":[{"embeddable":true,"href":"https:\/\/www.sasarmatures.com\/index.php\/wp-json\/wp\/v2\/comments?post=3"}],"version-history":[{"count":12,"href":"https:\/\/www.sasarmatures.com\/index.php\/wp-json\/wp\/v2\/pages\/3\/revisions"}],"predecessor-version":[{"id":2381,"href":"https:\/\/www.sasarmatures.com\/index.php\/wp-json\/wp\/v2\/pages\/3\/revisions\/2381"}],"wp:attachment":[{"href":"https:\/\/www.sasarmatures.com\/index.php\/wp-json\/wp\/v2\/media?parent=3"}],"curies":[{"name":"wp","href":"https:\/\/api.w.org\/{rel}","templated":true}]}}