{"id":557,"date":"2020-12-01T09:59:54","date_gmt":"2020-12-01T08:59:54","guid":{"rendered":"https:\/\/www.sasarmatures.com\/?page_id=557"},"modified":"2026-03-30T16:49:49","modified_gmt":"2026-03-30T14:49:49","slug":"mentions-legales","status":"publish","type":"page","link":"https:\/\/www.sasarmatures.com\/index.php\/mentions-legales\/","title":{"rendered":"Mentions l\u00e9gales"},"content":{"rendered":"\t\t<div data-elementor-type=\"wp-page\" data-elementor-id=\"557\" class=\"elementor elementor-557\">\n\t\t\t\t<div class=\"elementor-element elementor-element-c6b58e1 e-flex e-con-boxed e-con e-parent\" data-id=\"c6b58e1\" data-element_type=\"container\">\n\t\t\t\t\t<div class=\"e-con-inner\">\n\t\t\t\t<div class=\"elementor-element elementor-element-9a6b78c elementor-widget__width-inherit elementor-widget elementor-widget-heading\" data-id=\"9a6b78c\" data-element_type=\"widget\" data-widget_type=\"heading.default\">\n\t\t\t\t\t<h2 class=\"elementor-heading-title elementor-size-default\">\u00c9diteur du site<\/h2>\t\t\t\t<\/div>\n\t\t\t\t<div class=\"elementor-element elementor-element-9f037c9 elementor-widget__width-inherit elementor-widget elementor-widget-text-editor\" data-id=\"9f037c9\" data-element_type=\"widget\" data-widget_type=\"text-editor.default\">\n\t\t\t\t\t\t\t\t\t<p data-start=\"329\" data-end=\"360\">Le pr\u00e9sent site est \u00e9dit\u00e9 par :<\/p><p data-start=\"362\" data-end=\"544\"><strong data-start=\"362\" data-end=\"379\">SAS ARMATURES<\/strong><br data-start=\"379\" data-end=\"382\" \/>Soci\u00e9t\u00e9 par Actions Simplifi\u00e9e (SAS)<br data-start=\"418\" data-end=\"421\" \/>Capital social : 1 million d\u2019euros<br data-start=\"455\" data-end=\"458\" \/>Si\u00e8ge social :<br data-start=\"472\" data-end=\"475\" \/><strong data-start=\"475\" data-end=\"544\">Parc de la Br\u00e8che aux Loups<br data-start=\"504\" data-end=\"507\" \/>27340 CRIQUEBEUF SUR SEINE \u2013 FRANCE<\/strong><\/p><p data-start=\"546\" data-end=\"698\">Immatricul\u00e9e au RCS d&rsquo;<strong data-start=\"569\" data-end=\"604\">\u00c9vreux<\/strong>\u00a0sous le num\u00e9ro <strong data-start=\"620\" data-end=\"643\">334 204 989.<\/strong><br data-start=\"643\" data-end=\"646\" \/>Num\u00e9ro de TVA intracommunautaire : <strong>FR87 334 204 989.<\/strong><br \/>Immatricul\u00e9e aupr\u00e8s de l\u2019INSEE sous le SIRET num\u00e9ro <strong>334 204 989 00043.<br \/><\/strong>La soci\u00e9t\u00e9 est r\u00e9f\u00e9renc\u00e9e sous le code<strong> APE <\/strong>n\u00b0<strong> 2593Z.<br \/><\/strong><\/p><p data-start=\"700\" data-end=\"771\">\ud83d\udcde T\u00e9l\u00e9phone : <strong data-start=\"715\" data-end=\"733\">02 35 81 82 81<\/strong><br data-start=\"733\" data-end=\"736\" \/>\ud83d\udce7 Email : <strong data-start=\"747\" data-end=\"771\"><a class=\"decorated-link cursor-pointer\" rel=\"noopener\" data-start=\"749\" data-end=\"769\">sas@sasarmatures.com<\/a><\/strong><\/p>\t\t\t\t\t\t\t\t<\/div>\n\t\t\t\t<div class=\"elementor-element elementor-element-a0f8110 elementor-widget__width-inherit elementor-widget elementor-widget-heading\" data-id=\"a0f8110\" data-element_type=\"widget\" data-widget_type=\"heading.default\">\n\t\t\t\t\t<h2 class=\"elementor-heading-title elementor-size-default\">Directeur de la publication<\/h2>\t\t\t\t<\/div>\n\t\t\t\t<div class=\"elementor-element elementor-element-76cf928 elementor-widget__width-inherit elementor-widget elementor-widget-text-editor\" data-id=\"76cf928\" data-element_type=\"widget\" data-widget_type=\"text-editor.default\">\n\t\t\t\t\t\t\t\t\t<p>M. Guillaume FOUGEREUX<\/p>\t\t\t\t\t\t\t\t<\/div>\n\t\t\t\t<div class=\"elementor-element elementor-element-546d58b elementor-widget__width-inherit elementor-widget elementor-widget-heading\" data-id=\"546d58b\" data-element_type=\"widget\" data-widget_type=\"heading.default\">\n\t\t\t\t\t<h2 class=\"elementor-heading-title elementor-size-default\">H\u00e9bergement du site<\/h2>\t\t\t\t<\/div>\n\t\t\t\t<div class=\"elementor-element elementor-element-1c989b3 elementor-widget__width-inherit elementor-widget elementor-widget-text-editor\" data-id=\"1c989b3\" data-element_type=\"widget\" data-widget_type=\"text-editor.default\">\n\t\t\t\t\t\t\t\t\t<p data-start=\"894\" data-end=\"919\">Le site est h\u00e9berg\u00e9 par :<\/p><p data-start=\"921\" data-end=\"1016\"><strong data-start=\"921\" data-end=\"932\">OVH SAS<\/strong><br data-start=\"932\" data-end=\"935\" \/>2 rue Kellermann<br data-start=\"951\" data-end=\"954\" \/>59100 Roubaix \u2013 France<br data-start=\"976\" data-end=\"979\" \/>T\u00e9l\u00e9phone : 1007<br data-start=\"995\" data-end=\"998\" \/>Site web : ovh.com<\/p>\t\t\t\t\t\t\t\t<\/div>\n\t\t\t\t<div class=\"elementor-element elementor-element-26a0a9c elementor-widget__width-inherit elementor-widget elementor-widget-heading\" data-id=\"26a0a9c\" data-element_type=\"widget\" data-widget_type=\"heading.default\">\n\t\t\t\t\t<h2 class=\"elementor-heading-title elementor-size-default\">Propri\u00e9t\u00e9 intellectuelle<\/h2>\t\t\t\t<\/div>\n\t\t\t\t<div class=\"elementor-element elementor-element-a1d40cc elementor-widget__width-inherit elementor-widget elementor-widget-text-editor\" data-id=\"a1d40cc\" data-element_type=\"widget\" data-widget_type=\"text-editor.default\">\n\t\t\t\t\t\t\t\t\t<p>L\u2019ensemble des contenus pr\u00e9sents sur ce site (textes, images, logos, documents, vid\u00e9os, etc.) est la propri\u00e9t\u00e9 exclusive de <strong data-start=\"1178\" data-end=\"1195\">SAS Armatures<\/strong>, sauf mentions contraires.<br data-start=\"1222\" data-end=\"1225\" \/>Toute reproduction, distribution ou utilisation, m\u00eame partielle, sans autorisation \u00e9crite pr\u00e9alable est strictement interdite.<\/p>\t\t\t\t\t\t\t\t<\/div>\n\t\t\t\t<div class=\"elementor-element elementor-element-5729e2f elementor-widget__width-inherit elementor-widget elementor-widget-heading\" data-id=\"5729e2f\" data-element_type=\"widget\" data-widget_type=\"heading.default\">\n\t\t\t\t\t<h2 class=\"elementor-heading-title elementor-size-default\">Responsabilit\u00e9<\/h2>\t\t\t\t<\/div>\n\t\t\t\t<div class=\"elementor-element elementor-element-1e53a83 elementor-widget__width-inherit elementor-widget elementor-widget-text-editor\" data-id=\"1e53a83\" data-element_type=\"widget\" data-widget_type=\"text-editor.default\">\n\t\t\t\t\t\t\t\t\t<p>SAS Armatures s\u2019efforce de fournir des informations aussi pr\u00e9cises que possible. Toutefois, elle ne saurait \u00eatre tenue responsable des omissions, inexactitudes ou carences dans la mise \u00e0 jour des contenus.<br data-start=\"1584\" data-end=\"1587\" \/>L\u2019utilisateur reconna\u00eet utiliser les informations du site sous sa responsabilit\u00e9 exclusive.<\/p>\t\t\t\t\t\t\t\t<\/div>\n\t\t\t\t<div class=\"elementor-element elementor-element-52a1015 elementor-widget__width-inherit elementor-widget elementor-widget-heading\" data-id=\"52a1015\" data-element_type=\"widget\" data-widget_type=\"heading.default\">\n\t\t\t\t\t<h2 class=\"elementor-heading-title elementor-size-default\">Index de l\u2019\u00e9galit\u00e9 professionnelle Femmes-Hommes<\/h2>\t\t\t\t<\/div>\n\t\t\t\t<div class=\"elementor-element elementor-element-5d8fa4f elementor-widget__width-inherit elementor-widget elementor-widget-text-editor\" data-id=\"5d8fa4f\" data-element_type=\"widget\" data-widget_type=\"text-editor.default\">\n\t\t\t\t\t\t\t\t\t<p class=\"wp-block-heading\">2025, notre index est incalculable du fait de la composition de notre effectif.<\/p><p>Nos deux indicateurs calculables obtiennent les notes suivantes\u00a0:<\/p><ul><li>Indicateur relatif \u00e0 l\u2019\u00e9cart de taux d\u2019augmentations individuelles = 35<\/li><li>Indicateur 10 salari\u00e9s ayant per\u00e7u les hautes r\u00e9mun\u00e9rations = 0\/10<\/li><\/ul><p>\u00a0Toutes les candidatures sont trait\u00e9es, n\u2019h\u00e9sitez pas \u00e0 postuler\u00a0via notre page \u00ab\u00a0Nous rejoindre\u00a0\u00bb.<\/p>\t\t\t\t\t\t\t\t<\/div>\n\t\t\t\t<div class=\"elementor-element elementor-element-b2dbf42 elementor-widget__width-inherit elementor-widget elementor-widget-heading\" data-id=\"b2dbf42\" data-element_type=\"widget\" data-widget_type=\"heading.default\">\n\t\t\t\t\t<h2 class=\"elementor-heading-title elementor-size-default\">Cr\u00e9dits photos<\/h2>\t\t\t\t<\/div>\n\t\t\t\t<div class=\"elementor-element elementor-element-d76b78a elementor-widget__width-inherit elementor-widget elementor-widget-text-editor\" data-id=\"d76b78a\" data-element_type=\"widget\" data-widget_type=\"text-editor.default\">\n\t\t\t\t\t\t\t\t\t<p>Les photographies, illustrations et visuels pr\u00e9sents sur le site <strong data-start=\"331\" data-end=\"355\"><a class=\"decorated-link\" href=\"http:\/\/www.sasarmatures.com\" target=\"_new\" rel=\"noopener\" data-start=\"333\" data-end=\"353\">www.sasarmatures.com <\/a><\/strong>proviennent des sources suivantes :<\/p><ul data-start=\"393\" data-end=\"744\"><li data-start=\"393\" data-end=\"518\"><p data-start=\"395\" data-end=\"518\">Photographies r\u00e9alis\u00e9es par <strong data-start=\"423\" data-end=\"440\">SAS Armatures<\/strong> (prises sur chantiers, en atelier et lors d\u2019interventions professionnelles)<\/p><\/li><li data-start=\"519\" data-end=\"657\"><p data-start=\"521\" data-end=\"574\">Banques d\u2019images libres de droits ou sous licence :<\/p><div>&#8211; Ic\u00f4nes con\u00e7ues par <a title=\"Atif Arshad\" href=\"https:\/\/www.flaticon.com\/fr\/auteurs\/atif-arshad\"> Atif Arshad <\/a> from <a title=\"\u00ab\u00a0Flaticon&quot;\" href=\"https:\/\/www.flaticon.com\/fr\/\">www.flaticon.com&rsquo;<\/a><\/div><div>&#8211; Ic\u00f4nes con\u00e7ues par <a title=\"meaicon\" href=\"https:\/\/www.flaticon.com\/fr\/auteurs\/meaicon\"> meaicon <\/a> from <a title=\"\u00ab\u00a0Flaticon&quot;\" href=\"https:\/\/www.flaticon.com\/fr\/\">www.flaticon.com&rsquo;<\/a><\/div><div>&#8211; Ic\u00f4nes con\u00e7ues par <a title=\"Sajid Hussain\" href=\"https:\/\/www.flaticon.com\/fr\/auteurs\/sajid-hussain\"> Sajid Hussain <\/a> from <a title=\"Flaticon\" href=\"https:\/\/www.flaticon.com\/fr\/\">www.flaticon.com&rsquo;<\/a><\/div><\/li><\/ul>\t\t\t\t\t\t\t\t<\/div>\n\t\t\t\t\t<\/div>\n\t\t\t\t<\/div>\n\t\t\t\t<\/div>\n\t\t","protected":false},"excerpt":{"rendered":"<p>\u00c9diteur du site Le pr\u00e9sent site est \u00e9dit\u00e9 par :SAS ARMATURESSoci\u00e9t\u00e9 par Actions Simplifi\u00e9e (SAS)Capital social : 1 million d\u2019eurosSi\u00e8ge social :Parc de la Br\u00e8che aux Loups27340 CRIQUEBEUF SUR SEINE \u2013 FRANCEImmatricul\u00e9e au RCS d&rsquo;\u00c9vreux\u00a0sous le num\u00e9ro 334 204 989.Num\u00e9ro de TVA intracommunautaire : FR87 334 204 989.Immatricul\u00e9e aupr\u00e8s de l\u2019INSEE sous le SIRET num\u00e9ro&hellip; <br \/> <a class=\"button small blue\" href=\"https:\/\/www.sasarmatures.com\/index.php\/mentions-legales\/\">Lire la suite<\/a><\/p>\n","protected":false},"author":1,"featured_media":0,"parent":0,"menu_order":0,"comment_status":"closed","ping_status":"closed","template":"full-width-page.php","meta":{"footnotes":""},"class_list":["post-557","page","type-page","status-publish","hentry"],"_links":{"self":[{"href":"https:\/\/www.sasarmatures.com\/index.php\/wp-json\/wp\/v2\/pages\/557","targetHints":{"allow":["GET"]}}],"collection":[{"href":"https:\/\/www.sasarmatures.com\/index.php\/wp-json\/wp\/v2\/pages"}],"about":[{"href":"https:\/\/www.sasarmatures.com\/index.php\/wp-json\/wp\/v2\/types\/page"}],"author":[{"embeddable":true,"href":"https:\/\/www.sasarmatures.com\/index.php\/wp-json\/wp\/v2\/users\/1"}],"replies":[{"embeddable":true,"href":"https:\/\/www.sasarmatures.com\/index.php\/wp-json\/wp\/v2\/comments?post=557"}],"version-history":[{"count":50,"href":"https:\/\/www.sasarmatures.com\/index.php\/wp-json\/wp\/v2\/pages\/557\/revisions"}],"predecessor-version":[{"id":2742,"href":"https:\/\/www.sasarmatures.com\/index.php\/wp-json\/wp\/v2\/pages\/557\/revisions\/2742"}],"wp:attachment":[{"href":"https:\/\/www.sasarmatures.com\/index.php\/wp-json\/wp\/v2\/media?parent=557"}],"curies":[{"name":"wp","href":"https:\/\/api.w.org\/{rel}","templated":true}]}}