{"id":75,"date":"2020-11-09T17:46:36","date_gmt":"2020-11-09T16:46:36","guid":{"rendered":"https:\/\/www.sasarmatures.com\/?page_id=75"},"modified":"2026-03-25T14:31:23","modified_gmt":"2026-03-25T13:31:23","slug":"blog","status":"publish","type":"page","link":"https:\/\/www.sasarmatures.com\/index.php\/blog\/","title":{"rendered":"Nous rejoindre"},"content":{"rendered":"\t\t<div data-elementor-type=\"wp-page\" data-elementor-id=\"75\" class=\"elementor elementor-75\">\n\t\t\t\t<div class=\"elementor-element elementor-element-3b7385a1 e-flex e-con-boxed e-con e-parent\" data-id=\"3b7385a1\" data-element_type=\"container\">\n\t\t\t\t\t<div class=\"e-con-inner\">\n\t\t\t\t\t<\/div>\n\t\t\t\t<\/div>\n\t\t<div class=\"elementor-element elementor-element-7f11131 e-flex e-con-boxed e-con e-parent\" data-id=\"7f11131\" data-element_type=\"container\">\n\t\t\t\t\t<div class=\"e-con-inner\">\n\t\t<div class=\"elementor-element elementor-element-a27ddd7 e-con-full e-flex e-con e-child\" data-id=\"a27ddd7\" data-element_type=\"container\">\n\t\t\t\t<div class=\"elementor-element elementor-element-9e1e196 elementor-widget elementor-widget-heading\" data-id=\"9e1e196\" data-element_type=\"widget\" data-widget_type=\"heading.default\">\n\t\t\t\t\t<h1 class=\"elementor-heading-title elementor-size-default\">Construisons ensemble un avenir solide<\/h1>\t\t\t\t<\/div>\n\t\t\t\t<div class=\"elementor-element elementor-element-8a0cc81 elementor-widget elementor-widget-spacer\" data-id=\"8a0cc81\" data-element_type=\"widget\" data-widget_type=\"spacer.default\">\n\t\t\t\t\t\t\t<div class=\"elementor-spacer\">\n\t\t\t<div class=\"elementor-spacer-inner\"><\/div>\n\t\t<\/div>\n\t\t\t\t\t\t<\/div>\n\t\t\t\t<div class=\"elementor-element elementor-element-991fa87 elementor-widget elementor-widget-text-editor\" data-id=\"991fa87\" data-element_type=\"widget\" data-widget_type=\"text-editor.default\">\n\t\t\t\t\t\t\t\t\t<p data-start=\"412\" data-end=\"628\">Rejoindre <strong data-start=\"425\" data-end=\"432\">SAS ARMATURES<\/strong>, c\u2019est bien plus qu\u2019int\u00e9grer une entreprise : c\u2019est faire partie d\u2019une \u00e9quipe soud\u00e9e, passionn\u00e9e par le travail bien fait, et fi\u00e8re de contribuer chaque jour \u00e0 des projets concrets et durables.<\/p><p data-start=\"630\" data-end=\"838\">Bas\u00e9e \u00e0 Criquebeuf sur Seine, notre soci\u00e9t\u00e9 fabrique et pose des <strong data-start=\"682\" data-end=\"709\">armatures pour le b\u00e9ton<\/strong> depuis plus de 40 ans. Notre r\u00e9ussite repose sur trois piliers : <strong data-start=\"775\" data-end=\"794\">le savoir-faire<\/strong>, <strong data-start=\"796\" data-end=\"810\">la rigueur<\/strong> et <strong data-start=\"814\" data-end=\"835\">l\u2019esprit d\u2019\u00e9quipe<\/strong>.<\/p>\t\t\t\t\t\t\t\t<\/div>\n\t\t\t\t<\/div>\n\t\t\t\t\t<\/div>\n\t\t\t\t<\/div>\n\t\t<div class=\"elementor-element elementor-element-19bea1c e-flex e-con-boxed e-con e-parent\" data-id=\"19bea1c\" data-element_type=\"container\">\n\t\t\t\t\t<div class=\"e-con-inner\">\n\t\t<div class=\"elementor-element elementor-element-d392497 e-con-full e-flex e-con e-child\" data-id=\"d392497\" data-element_type=\"container\" data-settings=\"{&quot;background_background&quot;:&quot;classic&quot;}\">\n\t\t\t\t<div class=\"elementor-element elementor-element-9ea3717 elementor-widget elementor-widget-heading\" data-id=\"9ea3717\" data-element_type=\"widget\" data-widget_type=\"heading.default\">\n\t\t\t\t\t<h3 class=\"elementor-heading-title elementor-size-default\">POURQUOI NOUS REJOINDRE ?\n<\/h3>\t\t\t\t<\/div>\n\t\t\t\t<div class=\"elementor-element elementor-element-8519b6f elementor-widget elementor-widget-image\" data-id=\"8519b6f\" data-element_type=\"widget\" data-widget_type=\"image.default\">\n\t\t\t\t\t\t\t\t\t\t\t\t\t\t\t<img fetchpriority=\"high\" decoding=\"async\" width=\"1536\" height=\"864\" src=\"https:\/\/www.sasarmatures.com\/wp-content\/uploads\/2025\/11\/soudeur-ferailler-poseur-pour-page-recrutement-armatures-photo-groupe-1-1536x864.jpg\" class=\"attachment-1536x1536 size-1536x1536 wp-image-1089\" alt=\"soudeur-ferailler-poseur-pour-page-recrutement-armatures-photo-groupe\" srcset=\"https:\/\/www.sasarmatures.com\/wp-content\/uploads\/2025\/11\/soudeur-ferailler-poseur-pour-page-recrutement-armatures-photo-groupe-1-1536x864.jpg 1536w, https:\/\/www.sasarmatures.com\/wp-content\/uploads\/2025\/11\/soudeur-ferailler-poseur-pour-page-recrutement-armatures-photo-groupe-1-300x169.jpg 300w, https:\/\/www.sasarmatures.com\/wp-content\/uploads\/2025\/11\/soudeur-ferailler-poseur-pour-page-recrutement-armatures-photo-groupe-1-1024x576.jpg 1024w, https:\/\/www.sasarmatures.com\/wp-content\/uploads\/2025\/11\/soudeur-ferailler-poseur-pour-page-recrutement-armatures-photo-groupe-1-768x432.jpg 768w, https:\/\/www.sasarmatures.com\/wp-content\/uploads\/2025\/11\/soudeur-ferailler-poseur-pour-page-recrutement-armatures-photo-groupe-1.jpg 1920w\" sizes=\"(max-width: 1536px) 100vw, 1536px\" \/>\t\t\t\t\t\t\t\t\t\t\t\t\t\t\t<\/div>\n\t\t\t\t<div class=\"elementor-element elementor-element-a80e74e elementor-widget elementor-widget-text-editor\" data-id=\"a80e74e\" data-element_type=\"widget\" data-widget_type=\"text-editor.default\">\n\t\t\t\t\t\t\t\t\t<p>Chez SAS ARMATURES, chaque collaborateur compte. Nous veillons \u00e0 offrir un environnement de travail o\u00f9 chacun peut s\u2019\u00e9panouir et \u00e9voluer.<\/p><p>\ud83d\udc49 Ce que nous vous offrons :<\/p><ul><li>Une ambiance familiale et un esprit d\u2019\u00e9quipe fort<\/li><li>Une entreprise stable et reconnue dans son domaine<\/li><li>Des formations internes et des possibilit\u00e9s d\u2019\u00e9volution<\/li><li>Des outils modernes et des conditions de travail soign\u00e9es<\/li><li>Des projets vari\u00e9s et valorisants partout en France<\/li><\/ul>\t\t\t\t\t\t\t\t<\/div>\n\t\t\t\t<\/div>\n\t\t<div class=\"elementor-element elementor-element-9dba719 e-con-full e-flex e-con e-child\" data-id=\"9dba719\" data-element_type=\"container\" data-settings=\"{&quot;background_background&quot;:&quot;classic&quot;}\">\n\t\t\t\t<div class=\"elementor-element elementor-element-6bc199d elementor-widget elementor-widget-heading\" data-id=\"6bc199d\" data-element_type=\"widget\" data-widget_type=\"heading.default\">\n\t\t\t\t\t<h3 class=\"elementor-heading-title elementor-size-default\">LES PROFILS QUE NOUS RECHERCHONS<\/h3>\t\t\t\t<\/div>\n\t\t\t\t<div class=\"elementor-element elementor-element-9e41085 elementor-widget elementor-widget-image\" data-id=\"9e41085\" data-element_type=\"widget\" data-widget_type=\"image.default\">\n\t\t\t\t\t\t\t\t\t\t\t\t\t\t\t<img decoding=\"async\" width=\"1920\" height=\"1080\" src=\"https:\/\/www.sasarmatures.com\/wp-content\/uploads\/2025\/11\/soudeur-ferailler-poseur-pour-page-recrutement-armatures.jpg\" class=\"attachment-2048x2048 size-2048x2048 wp-image-1081\" alt=\"soudeur-ferailler-poseur-pour-page-recrutement-armatures\" srcset=\"https:\/\/www.sasarmatures.com\/wp-content\/uploads\/2025\/11\/soudeur-ferailler-poseur-pour-page-recrutement-armatures.jpg 1920w, https:\/\/www.sasarmatures.com\/wp-content\/uploads\/2025\/11\/soudeur-ferailler-poseur-pour-page-recrutement-armatures-300x169.jpg 300w, https:\/\/www.sasarmatures.com\/wp-content\/uploads\/2025\/11\/soudeur-ferailler-poseur-pour-page-recrutement-armatures-1024x576.jpg 1024w, https:\/\/www.sasarmatures.com\/wp-content\/uploads\/2025\/11\/soudeur-ferailler-poseur-pour-page-recrutement-armatures-768x432.jpg 768w, https:\/\/www.sasarmatures.com\/wp-content\/uploads\/2025\/11\/soudeur-ferailler-poseur-pour-page-recrutement-armatures-1536x864.jpg 1536w\" sizes=\"(max-width: 1920px) 100vw, 1920px\" \/>\t\t\t\t\t\t\t\t\t\t\t\t\t\t\t<\/div>\n\t\t\t\t<div class=\"elementor-element elementor-element-45031f5 elementor-widget elementor-widget-text-editor\" data-id=\"45031f5\" data-element_type=\"widget\" data-widget_type=\"text-editor.default\">\n\t\t\t\t\t\t\t\t\t<p>Nous recrutons r\u00e9guli\u00e8rement :<\/p><ul><li>Des assembleurs-soudeurs<\/li><li>Des ferrailleurs<\/li><li>Des op\u00e9rateurs machines<\/li><\/ul><p>Que vous soyez d\u00e9butant motiv\u00e9 ou professionnel exp\u00e9riment\u00e9, votre \u00e9nergie et votre envie d\u2019apprendre sont les qualit\u00e9s qui comptent le plus.<\/p>\t\t\t\t\t\t\t\t<\/div>\n\t\t\t\t<\/div>\n\t\t\t\t\t<\/div>\n\t\t\t\t<\/div>\n\t\t<div class=\"elementor-element elementor-element-d6a5a8e e-flex e-con-boxed e-con e-parent\" data-id=\"d6a5a8e\" data-element_type=\"container\">\n\t\t\t\t\t<div class=\"e-con-inner\">\n\t\t\t\t<div class=\"elementor-element elementor-element-b3fff5e elementor-widget elementor-widget-heading\" data-id=\"b3fff5e\" data-element_type=\"widget\" data-widget_type=\"heading.default\">\n\t\t\t\t\t<h2 class=\"elementor-heading-title elementor-size-default\">ENVOYER-NOUS VOTRE CANDIDATURE<\/h2>\t\t\t\t<\/div>\n\t\t\t\t<div class=\"elementor-element elementor-element-54e739f elementor-widget elementor-widget-text-editor\" data-id=\"54e739f\" data-element_type=\"widget\" data-widget_type=\"text-editor.default\">\n\t\t\t\t\t\t\t\t\t<p>Pr\u00eat \u00e0 relever de nouveaux d\u00e9fis \u00e0 nos c\u00f4t\u00e9s ?<br \/>Remplissez le formulaire ci-dessous et joignez votre CV.<br \/>Nous \u00e9tudierons votre profil avec attention et reviendrons rapidement vers vous.<\/p>\t\t\t\t\t\t\t\t<\/div>\n\t\t\t\t\t<\/div>\n\t\t\t\t<\/div>\n\t\t<div class=\"elementor-element elementor-element-4131e87 e-flex e-con-boxed e-con e-parent\" data-id=\"4131e87\" data-element_type=\"container\" data-settings=\"{&quot;background_background&quot;:&quot;classic&quot;,&quot;shape_divider_top&quot;:&quot;triangle-asymmetrical&quot;}\">\n\t\t\t\t\t<div class=\"e-con-inner\">\n\t\t\t\t<div class=\"elementor-shape elementor-shape-top\" aria-hidden=\"true\" data-negative=\"false\">\n\t\t\t<svg xmlns=\"http:\/\/www.w3.org\/2000\/svg\" viewBox=\"0 0 1000 100\" preserveAspectRatio=\"none\">\n\t<path class=\"elementor-shape-fill\" d=\"M738,99l262-93V0H0v5.6L738,99z\"\/>\n<\/svg>\t\t<\/div>\n\t\t\t\t<div class=\"elementor-element elementor-element-e218548 elementor-widget elementor-widget-shortcode\" data-id=\"e218548\" data-element_type=\"widget\" data-widget_type=\"shortcode.default\">\n\t\t\t\t\t\t\t<div class=\"elementor-shortcode\">\n<div class=\"wpcf7 no-js\" id=\"wpcf7-f202-o1\" lang=\"fr-FR\" dir=\"ltr\" data-wpcf7-id=\"202\">\n<div class=\"screen-reader-response\"><p role=\"status\" aria-live=\"polite\" aria-atomic=\"true\"><\/p> <ul><\/ul><\/div>\n<form action=\"\/index.php\/wp-json\/wp\/v2\/pages\/75#wpcf7-f202-o1\" method=\"post\" class=\"wpcf7-form init\" aria-label=\"Formulaire de contact\" enctype=\"multipart\/form-data\" novalidate=\"novalidate\" data-status=\"init\">\n<fieldset class=\"hidden-fields-container\"><input type=\"hidden\" name=\"_wpcf7\" value=\"202\" \/><input type=\"hidden\" name=\"_wpcf7_version\" value=\"6.1.5\" \/><input type=\"hidden\" name=\"_wpcf7_locale\" value=\"fr_FR\" \/><input type=\"hidden\" name=\"_wpcf7_unit_tag\" value=\"wpcf7-f202-o1\" \/><input type=\"hidden\" name=\"_wpcf7_container_post\" value=\"0\" \/><input type=\"hidden\" name=\"_wpcf7_posted_data_hash\" value=\"\" \/><input type=\"hidden\" name=\"_wpcf7_recaptcha_response\" value=\"\" \/>\n<\/fieldset>\n<p><label> Nom<br \/>\n<span class=\"wpcf7-form-control-wrap\" data-name=\"your-name\"><input size=\"40\" maxlength=\"400\" class=\"wpcf7-form-control wpcf7-text wpcf7-validates-as-required\" aria-required=\"true\" aria-invalid=\"false\" value=\"\" type=\"text\" name=\"your-name\" \/><\/span> <\/label>\n<\/p>\n<p><label> Pr\u00e9nom<br \/>\n<span class=\"wpcf7-form-control-wrap\" data-name=\"your-lastname\"><input size=\"40\" maxlength=\"400\" class=\"wpcf7-form-control wpcf7-text wpcf7-validates-as-required\" aria-required=\"true\" aria-invalid=\"false\" value=\"\" type=\"text\" name=\"your-lastname\" \/><\/span> <\/label>\n<\/p>\n<p><label> email<br \/>\n<span class=\"wpcf7-form-control-wrap\" data-name=\"your-email\"><input size=\"40\" maxlength=\"400\" class=\"wpcf7-form-control wpcf7-email wpcf7-validates-as-required wpcf7-text wpcf7-validates-as-email\" aria-required=\"true\" aria-invalid=\"false\" value=\"\" type=\"email\" name=\"your-email\" \/><\/span> <\/label>\n<\/p>\n<p><label> T\u00e9l<br \/>\n<span class=\"wpcf7-form-control-wrap\" data-name=\"tel-634\"><input size=\"40\" maxlength=\"400\" class=\"wpcf7-form-control wpcf7-tel wpcf7-validates-as-required wpcf7-text wpcf7-validates-as-tel\" aria-required=\"true\" aria-invalid=\"false\" value=\"\" type=\"tel\" name=\"tel-634\" \/><\/span><\/label>\n<\/p>\n<p><label> Poste<br \/>\n<span class=\"wpcf7-form-control-wrap\" data-name=\"your-post\"><input size=\"40\" maxlength=\"400\" class=\"wpcf7-form-control wpcf7-text wpcf7-validates-as-required\" aria-required=\"true\" aria-invalid=\"false\" value=\"\" type=\"text\" name=\"your-post\" \/><\/span><\/label>\n<\/p>\n<p><label> Contrat<br \/>\n<span class=\"wpcf7-form-control-wrap\" data-name=\"Type\"><select class=\"wpcf7-form-control wpcf7-select\" aria-invalid=\"false\" name=\"Type\"><option value=\"\">CDI<\/option><option value=\"CDD\">CDD<\/option><option value=\"Alternance\">Alternance<\/option><option value=\"Stage\">Stage<\/option><option value=\"Autre\">Autre<\/option><\/select><\/span><\/label>\n<\/p>\n<p><label> Expliquez nous votre projet : M\u00e9tier recherch\u00e9, votre disponibilit\u00e9, dates et sujet du stage etc...<br \/>\n<span class=\"wpcf7-form-control-wrap\" data-name=\"your-message\"><textarea cols=\"40\" rows=\"10\" maxlength=\"2000\" class=\"wpcf7-form-control wpcf7-textarea\" aria-invalid=\"false\" name=\"your-message\"><\/textarea><\/span> <\/label>\n<\/p>\n<p><label> CV<br \/>\n<span class=\"wpcf7-form-control-wrap\" data-name=\"curriculum\"><input size=\"40\" class=\"wpcf7-form-control wpcf7-file wpcf7-validates-as-required\" accept=\".png,.pdf,.word,.jpeg,.jpg,.gif,.mp4,.mkv\" aria-required=\"true\" aria-invalid=\"false\" type=\"file\" name=\"curriculum\" \/><\/span><\/label>\n<\/p>\n<p><label> Lettre de motivation<br \/>\n<span class=\"wpcf7-form-control-wrap\" data-name=\"LM\"><input size=\"40\" class=\"wpcf7-form-control wpcf7-file\" accept=\".png,.pdf,.word,.jpeg,.jpg,.gif,.mp4,.mkv\" aria-invalid=\"false\" type=\"file\" name=\"LM\" \/><\/span><\/label>\n<\/p>\n<p><span class=\"wpcf7-form-control-wrap\" data-name=\"checkbox-244\"><span class=\"wpcf7-form-control wpcf7-checkbox wpcf7-exclusive-checkbox\"><span class=\"wpcf7-list-item first last\"><label><input type=\"checkbox\" name=\"checkbox-244\" value=\"En soumettant ce formulaire, j&#039;accepte que les informations saisies soient exploit\u00e9es\" \/><span class=\"wpcf7-list-item-label\">En soumettant ce formulaire, j&#039;accepte que les informations saisies soient exploit\u00e9es<\/span><\/label><\/span><\/span><\/span>\n<\/p>\n<p><input class=\"wpcf7-form-control wpcf7-submit has-spinner\" type=\"submit\" value=\"Envoyer\" \/>\n<\/p><p style=\"display: none !important;\" class=\"akismet-fields-container\" data-prefix=\"_wpcf7_ak_\"><label>&#916;<textarea name=\"_wpcf7_ak_hp_textarea\" cols=\"45\" rows=\"8\" maxlength=\"100\"><\/textarea><\/label><input type=\"hidden\" id=\"ak_js_1\" name=\"_wpcf7_ak_js\" value=\"5\"\/><script>document.getElementById( \"ak_js_1\" ).setAttribute( \"value\", ( new Date() ).getTime() );<\/script><\/p><div class=\"wpcf7-response-output\" aria-hidden=\"true\"><\/div>\n<\/form>\n<\/div>\n<\/div>\n\t\t\t\t\t\t<\/div>\n\t\t\t\t\t<\/div>\n\t\t\t\t<\/div>\n\t\t\t\t<\/div>\n\t\t","protected":false},"excerpt":{"rendered":"<p>Construisons ensemble un avenir solide Rejoindre SAS ARMATURES, c\u2019est bien plus qu\u2019int\u00e9grer une entreprise : c\u2019est faire partie d\u2019une \u00e9quipe soud\u00e9e, passionn\u00e9e par le travail bien fait, et fi\u00e8re de contribuer chaque jour \u00e0 des projets concrets et durables.Bas\u00e9e \u00e0 Criquebeuf sur Seine, notre soci\u00e9t\u00e9 fabrique et pose des armatures pour le b\u00e9ton depuis plus&hellip; <br \/> <a class=\"button small blue\" href=\"https:\/\/www.sasarmatures.com\/index.php\/blog\/\">Lire la suite<\/a><\/p>\n","protected":false},"author":1,"featured_media":0,"parent":0,"menu_order":0,"comment_status":"closed","ping_status":"closed","template":"full-width-page.php","meta":{"footnotes":""},"class_list":["post-75","page","type-page","status-publish","hentry"],"_links":{"self":[{"href":"https:\/\/www.sasarmatures.com\/index.php\/wp-json\/wp\/v2\/pages\/75","targetHints":{"allow":["GET"]}}],"collection":[{"href":"https:\/\/www.sasarmatures.com\/index.php\/wp-json\/wp\/v2\/pages"}],"about":[{"href":"https:\/\/www.sasarmatures.com\/index.php\/wp-json\/wp\/v2\/types\/page"}],"author":[{"embeddable":true,"href":"https:\/\/www.sasarmatures.com\/index.php\/wp-json\/wp\/v2\/users\/1"}],"replies":[{"embeddable":true,"href":"https:\/\/www.sasarmatures.com\/index.php\/wp-json\/wp\/v2\/comments?post=75"}],"version-history":[{"count":45,"href":"https:\/\/www.sasarmatures.com\/index.php\/wp-json\/wp\/v2\/pages\/75\/revisions"}],"predecessor-version":[{"id":2677,"href":"https:\/\/www.sasarmatures.com\/index.php\/wp-json\/wp\/v2\/pages\/75\/revisions\/2677"}],"wp:attachment":[{"href":"https:\/\/www.sasarmatures.com\/index.php\/wp-json\/wp\/v2\/media?parent=75"}],"curies":[{"name":"wp","href":"https:\/\/api.w.org\/{rel}","templated":true}]}}